{"id":119,"date":"2013-06-08T07:54:05","date_gmt":"2013-06-08T07:54:05","guid":{"rendered":"http:\/\/www.ouloiret.fr\/crocq\/?page_id=119"},"modified":"2013-06-08T08:12:46","modified_gmt":"2013-06-08T08:12:46","slug":"sejours-de-vacances","status":"publish","type":"page","link":"https:\/\/www.centres-ouloiret.fr\/crocq\/sejours-de-vacances","title":{"rendered":"S\u00e9jours de Vacances&#8230;"},"content":{"rendered":"<p>Le centre est implant\u00e9 sur un parc bois\u00e9 de 5,5 hectares. Une carri\u00e8re et un man\u00e8ge permettent le d\u00e9roulement des activit\u00e9s \u00e9questres par tous les temps. De nombreuses salles d\u2019activit\u00e9s offrent la possibilit\u00e9 de\u00a0 diverses animations (biblioth\u00e8que, jeux, vid\u00e9os, ping-pong&#8230;) et activit\u00e9s manuelles.<\/p>\n<p><strong><br \/>\nL&rsquo;encadrement :<br \/>\n<\/strong>1 Sachem<br \/>\n1 Sachem adjoint(e)<br \/>\n1 comanche pour 8 enfants<br \/>\n1 femme m\u00e9decine<\/p>\n<p><strong><br \/>\nEffectif :<\/strong> 90 enfants<\/p>\n<p><strong>\u00c2ge :<\/strong> 6\/12 ans<\/p>\n<p><strong>Transport :<\/strong><strong> <\/strong>voyage en car de jour. Passage \u00e0 Montargis, Gien et Orl\u00e9ans<strong><\/strong><\/p>\n<p><strong><br \/>\n<span style=\"text-decoration: underline;\">Nos Activit\u00e9s<\/span><\/strong><\/p>\n<p>&nbsp;<\/p>\n<h3>LES INDIENS<\/h3>\n<p>Les enfants d\u00e9couvrent l\u2019univers des Indiens au travers d\u2019un environnement adapt\u00e9 : for\u00eat, tipi, chevaux, totem&#8230; Par atelier, ils fabriqueront divers objets (poterie, arc, collier, costumes&#8230;) en rapport avec le th\u00e8me du s\u00e9jour. Des jeux de \u00abpistes indiennes\u00bb seront organis\u00e9s. Ils viendront compl\u00e9ter les connaissances des diff\u00e9rentes tribus qui composaient l\u2019Ouest am\u00e9ricain au d\u00e9but du si\u00e8cle (Sioux, Apaches, Comanches, Arapahos&#8230;). Les contes, l\u00e9gendes et chants indiens rythmeront l\u2019ensemble des activit\u00e9s (\u00e9quitation, voltige, VTT, fabrication d\u2019arc&#8230;) du s\u00e9jour.<\/p>\n<h3>L&rsquo;\u00c9QUITATION<\/h3>\n<p>L\u2019initiation ou le perfectionnement en \u00e9quitation se fera par petits groupes. Les \u00abpapooses\u00bb participeront \u00e0 la pr\u00e9paration de leur \u00abmustang\u00bb (pansage, brossage&#8230;) avant la monte. Les s\u00e9ances se d\u00e9rouleront en carri\u00e8re ou en man\u00e8ge. Les plus hardis s\u2019essaieront aux techniques de voltige dans le man\u00e8ge.<\/p>\n<h3>LES AUTRES ACTIVIT\u00c9S<\/h3>\n<p>En fonction de la m\u00e9t\u00e9o, les enfants auront la possibilit\u00e9 de passer quelques nuits sous les tipis. Des promenades en for\u00eat par demi-journ\u00e9e seront propos\u00e9es ainsi que des promenades en VTT sur les sentiers forestiers.<\/p>\n","protected":false},"excerpt":{"rendered":"<p>Le centre est implant\u00e9 sur un parc bois\u00e9 de 5,5 hectares. Une carri\u00e8re et un man\u00e8ge permettent le d\u00e9roulement des activit\u00e9s \u00e9questres par tous les temps. De nombreuses salles d\u2019activit\u00e9s offrent la possibilit\u00e9 de\u00a0 diverses animations (biblioth\u00e8que, jeux, vid\u00e9os, ping-pong&#8230;) et activit\u00e9s manuelles. L&rsquo;encadrement : 1 Sachem 1 Sachem adjoint(e) \u2026 <a class=\"continue-reading-link\" href=\"https:\/\/www.centres-ouloiret.fr\/crocq\/sejours-de-vacances\"> Continue reading <span class=\"meta-nav\">&rarr; <\/span><\/a><\/p>\n","protected":false},"author":2,"featured_media":0,"parent":0,"menu_order":0,"comment_status":"closed","ping_status":"closed","template":"","meta":{"footnotes":""},"class_list":["post-119","page","type-page","status-publish","hentry"],"_links":{"self":[{"href":"https:\/\/www.centres-ouloiret.fr\/crocq\/wp-json\/wp\/v2\/pages\/119","targetHints":{"allow":["GET"]}}],"collection":[{"href":"https:\/\/www.centres-ouloiret.fr\/crocq\/wp-json\/wp\/v2\/pages"}],"about":[{"href":"https:\/\/www.centres-ouloiret.fr\/crocq\/wp-json\/wp\/v2\/types\/page"}],"author":[{"embeddable":true,"href":"https:\/\/www.centres-ouloiret.fr\/crocq\/wp-json\/wp\/v2\/users\/2"}],"replies":[{"embeddable":true,"href":"https:\/\/www.centres-ouloiret.fr\/crocq\/wp-json\/wp\/v2\/comments?post=119"}],"version-history":[{"count":5,"href":"https:\/\/www.centres-ouloiret.fr\/crocq\/wp-json\/wp\/v2\/pages\/119\/revisions"}],"predecessor-version":[{"id":131,"href":"https:\/\/www.centres-ouloiret.fr\/crocq\/wp-json\/wp\/v2\/pages\/119\/revisions\/131"}],"wp:attachment":[{"href":"https:\/\/www.centres-ouloiret.fr\/crocq\/wp-json\/wp\/v2\/media?parent=119"}],"curies":[{"name":"wp","href":"https:\/\/api.w.org\/{rel}","templated":true}]}}