{"id":113,"date":"2013-02-15T09:40:31","date_gmt":"2013-02-15T09:40:31","guid":{"rendered":"http:\/\/www.ouloiret.fr\/crocq\/?page_id=113"},"modified":"2015-01-13T08:19:42","modified_gmt":"2015-01-13T08:19:42","slug":"les-nouvelles-du-centre","status":"publish","type":"page","link":"https:\/\/www.centres-ouloiret.fr\/crocq\/les-nouvelles-du-centre","title":{"rendered":"Les nouvelles du centre"},"content":{"rendered":"<p><a href=\"https:\/\/www.ondonnedesnouvelles.com\" title=\"OnDonneDesNouvelles.com : blogs gratuits pour vos classes d\u00e9couvertes et colos\"><img decoding=\"async\" src=\"https:\/\/www.ondonnedesnouvelles.com\/img\/logo_petit.png\" alt=\"OnDonneDesNouvelles.com\" \/><\/a><\/p>\n<ul>\n<li><span style=\"color: #800000;\">Pour avoir des nouvelles de votre enfant, veuillez saisir ci-dessous le code d&rsquo;acc\u00e8s du journal :<\/span><\/li>\n<\/ul>\n<form style=\"margin: 15px;\" action=\"https:\/\/www.ondonnedesnouvelles.com\" method=\"post\">\n<div style=\"display: inline-block;\">Votre Code d&rsquo;acc\u00e8s :<input style=\"width: 150px;\" type=\"password\" name=\"connexion_visiteur_code\" \/><\/div>\n<div style=\"display: inline-block; margin-left: 10px;\">Votre Email :<input style=\"width: 250px;\" type=\"text\" name=\"connexion_visiteur_email\" \/><\/div>\n<p><input type=\"submit\" name=\"connexion_visiteur_submit\" value=\"Acc\u00e9der au journal de bord\" \/> <a style=\"font-size: 0.8em;\" href=\"https:\/\/www.ondonnedesnouvelles.com\/codePerdu-visiteur.html\"><br \/>\nCode d&rsquo;acc\u00e8s perdu ?<\/a><\/form>\n<p><span style=\"color: #800000;\"><br \/>\n<\/span><\/p>\n<ul>\n<li><span style=\"color: #800000;\"> Espace enseignant :<\/span><\/li>\n<\/ul>\n<form style=\"margin: 5px;\" action=\"https:\/\/www.ondonnedesnouvelles.com\" method=\"post\">Code d&rsquo;acc\u00e8s :<br \/>\n<input style=\"width: 150px;\" type=\"password\" name=\"connexion_gestion_code\" \/> <input type=\"submit\" name=\"connexion_gestion_submit\" value=\"Acc\u00e9der \u00e0 votre espace\" \/><\/form>\n<p>&nbsp;<\/p>\n<p><strong><em>Conseil : pour que le contenu de nos espaces reste confidentiel, limitez la diffusion du code au cadre strictement familial.<\/em><\/strong><\/p>\n<p><em>* <strong>Classes de d\u00e9couvertes<\/strong> : votre code vous a \u00e9t\u00e9 transmis par l&rsquo;enseignant.<br \/>\n* <strong>S\u00e9jours vacances<\/strong> : votre code est indiqu\u00e9 <strong>sur votre convocation.<\/strong><\/em><\/p>\n<p style=\"text-align: justify;\"><em>ondonnedesnouvelles.com est un outil permettant de communiquer avec les familles pendant une classe de d\u00e9couvertes ou un s\u00e9jour vacances. Pr\u00e9sent\u00e9 sous forme de \u00ab journal de bord \u00bb esth\u00e9tique et interactif, vous pourrez lire les r\u00e9sum\u00e9s des journ\u00e9es et consulter les galeries photos. Il est \u00e9galement possible de laisser des messages \u00e0 vos enfants. Simple d\u2019utilisation, cet outil ne demande pas de connaissances informatiques particuli\u00e8res.<\/em><br \/>\n<em> Dans le cadre d\u2019une classe de d\u00e9couvertes, le code d\u2019acc\u00e8s vous est communiqu\u00e9 par l\u2019enseignant.<\/em><em> Dans le cadre d\u2019un s\u00e9jour vacances (colonie de vacances), le code se trouve sur votre convocation.<\/em><br \/>\n<em> <\/em><\/p>\n","protected":false},"excerpt":{"rendered":"<p>Pour avoir des nouvelles de votre enfant, veuillez saisir ci-dessous le code d&rsquo;acc\u00e8s du journal : Votre Code d&rsquo;acc\u00e8s : Votre Email : Code d&rsquo;acc\u00e8s perdu ? Espace enseignant : Code d&rsquo;acc\u00e8s : &nbsp; Conseil : pour que le contenu de nos espaces reste confidentiel, limitez la diffusion du code \u2026 <a class=\"continue-reading-link\" href=\"https:\/\/www.centres-ouloiret.fr\/crocq\/les-nouvelles-du-centre\"> Continue reading <span class=\"meta-nav\">&rarr; <\/span><\/a><\/p>\n","protected":false},"author":1,"featured_media":0,"parent":0,"menu_order":0,"comment_status":"closed","ping_status":"closed","template":"","meta":{"footnotes":""},"class_list":["post-113","page","type-page","status-publish","hentry"],"_links":{"self":[{"href":"https:\/\/www.centres-ouloiret.fr\/crocq\/wp-json\/wp\/v2\/pages\/113","targetHints":{"allow":["GET"]}}],"collection":[{"href":"https:\/\/www.centres-ouloiret.fr\/crocq\/wp-json\/wp\/v2\/pages"}],"about":[{"href":"https:\/\/www.centres-ouloiret.fr\/crocq\/wp-json\/wp\/v2\/types\/page"}],"author":[{"embeddable":true,"href":"https:\/\/www.centres-ouloiret.fr\/crocq\/wp-json\/wp\/v2\/users\/1"}],"replies":[{"embeddable":true,"href":"https:\/\/www.centres-ouloiret.fr\/crocq\/wp-json\/wp\/v2\/comments?post=113"}],"version-history":[{"count":4,"href":"https:\/\/www.centres-ouloiret.fr\/crocq\/wp-json\/wp\/v2\/pages\/113\/revisions"}],"predecessor-version":[{"id":223,"href":"https:\/\/www.centres-ouloiret.fr\/crocq\/wp-json\/wp\/v2\/pages\/113\/revisions\/223"}],"wp:attachment":[{"href":"https:\/\/www.centres-ouloiret.fr\/crocq\/wp-json\/wp\/v2\/media?parent=113"}],"curies":[{"name":"wp","href":"https:\/\/api.w.org\/{rel}","templated":true}]}}